{"id":724,"date":"2020-09-25T13:54:58","date_gmt":"2020-09-25T18:54:58","guid":{"rendered":"http:\/\/dondeflorecelapasion.com\/2021\/?page_id=724"},"modified":"2026-01-15T22:04:10","modified_gmt":"2026-01-16T03:04:10","slug":"cena-romantica","status":"publish","type":"page","link":"https:\/\/dondeflorecelapasion.com\/2021\/cena-romantica\/","title":{"rendered":"Cena Rom\u00e1ntica"},"content":{"rendered":"<div id=\"pl-724\"  class=\"panel-layout\" ><div id=\"pg-724-0\"  class=\"panel-grid panel-no-style\" ><div id=\"pgc-724-0-0\"  class=\"panel-grid-cell\" ><div id=\"panel-724-0-0-0\" class=\"so-panel widget widget_themegrill_flash_heading tg-widget section-title-wrapper panel-first-child panel-last-child\" data-index=\"0\" >\t<h3 class=\"section-title\">Vive el mejor plan rom\u00e1ntico<\/h3>\n<\/div><\/div><\/div><div id=\"pg-724-1\"  class=\"panel-grid panel-has-style\" ><div class=\"siteorigin-panels-stretch panel-row-style panel-row-style-for-724-1\" data-stretch-type=\"full-width-stretch\" ><div id=\"pgc-724-1-0\"  class=\"panel-grid-cell\" ><div id=\"panel-724-1-0-0\" class=\"so-panel widget widget_themegrill_flash_slider tg-section tg-slider-widget panel-first-child panel-last-child\" data-index=\"1\" ><div class=\"tg-slider-widget slider-light slider-content-center slider-control-center full-width\">\n\t<div class=\"swiper-container\">\n\t\t<div class=\"swiper-wrapper\">\n\t\t\t\n\t\t\t\t\t<div class=\"swiper-slide\">\n\t\t\t\t\t\t<figure class=\"slider-image\" >\n\t\t\t\t\t\t\t<img width=\"1920\" height=\"1000\"\t\t\t\t\t\t\t\t\tsrc=\"http:\/\/dondeflorecelapasion.com\/2021\/wp-content\/uploads\/2020\/09\/cena_romantica_1.jpg\"\n\t\t\t\t\t\t\t\t\talt=\"Donde Florece la Pasi\u00f3n\"\n\t\t\t\t\t\t\t\t\ttitle=\"\"\/>\n\t\t\t\t\t\t\t<div class=\"overlay\"><\/div>\n\t\t\t\t\t\t<\/figure>\n\t\t\t\t\t\t<div class=\"slider-content\">\n\t\t\t\t\t\t\t<div class=\"tg-container\">\n\t\t\t\t\t\t\t\t<div class=\"caption-title\"><\/div>\n\t\t\t\t\t\t\t\t<div class=\"caption-desc\"><\/div>\n\t\t\t\t\t\t\t\t\t\t\t\t\t\t\t<\/div>\n\t\t\t\t\t\t<\/div>\n\t\t\t\t\t<\/div>\n\n\t\t\t\t\n\t\t\t\t\t<div class=\"swiper-slide\">\n\t\t\t\t\t\t<figure class=\"slider-image\" >\n\t\t\t\t\t\t\t<img width=\"1773\" height=\"1000\"\t\t\t\t\t\t\t\t\tsrc=\"http:\/\/dondeflorecelapasion.com\/2021\/wp-content\/uploads\/2020\/09\/cena_romantica_2.jpg\"\n\t\t\t\t\t\t\t\t\talt=\"Donde Florece la Pasi\u00f3n\"\n\t\t\t\t\t\t\t\t\ttitle=\"\"\/>\n\t\t\t\t\t\t\t<div class=\"overlay\"><\/div>\n\t\t\t\t\t\t<\/figure>\n\t\t\t\t\t\t<div class=\"slider-content\">\n\t\t\t\t\t\t\t<div class=\"tg-container\">\n\t\t\t\t\t\t\t\t<div class=\"caption-title\"><\/div>\n\t\t\t\t\t\t\t\t<div class=\"caption-desc\"><\/div>\n\t\t\t\t\t\t\t\t\t\t\t\t\t\t\t<\/div>\n\t\t\t\t\t\t<\/div>\n\t\t\t\t\t<\/div>\n\n\t\t\t\t\n\t\t\t\t\t<div class=\"swiper-slide\">\n\t\t\t\t\t\t<figure class=\"slider-image\" >\n\t\t\t\t\t\t\t<img width=\"1920\" height=\"1000\"\t\t\t\t\t\t\t\t\tsrc=\"http:\/\/dondeflorecelapasion.com\/2021\/wp-content\/uploads\/2020\/09\/cena_romantica_3.jpg\"\n\t\t\t\t\t\t\t\t\talt=\"Donde Florece la Pasi\u00f3n\"\n\t\t\t\t\t\t\t\t\ttitle=\"\"\/>\n\t\t\t\t\t\t\t<div class=\"overlay\"><\/div>\n\t\t\t\t\t\t<\/figure>\n\t\t\t\t\t\t<div class=\"slider-content\">\n\t\t\t\t\t\t\t<div class=\"tg-container\">\n\t\t\t\t\t\t\t\t<div class=\"caption-title\"><\/div>\n\t\t\t\t\t\t\t\t<div class=\"caption-desc\"><\/div>\n\t\t\t\t\t\t\t\t\t\t\t\t\t\t\t<\/div>\n\t\t\t\t\t\t<\/div>\n\t\t\t\t\t<\/div>\n\n\t\t\t\t\n\t\t\t\t\t<div class=\"swiper-slide\">\n\t\t\t\t\t\t<figure class=\"slider-image\" >\n\t\t\t\t\t\t\t<img width=\"1920\" height=\"1000\"\t\t\t\t\t\t\t\t\tsrc=\"http:\/\/dondeflorecelapasion.com\/2021\/wp-content\/uploads\/2020\/09\/cena_romantica_4.jpg\"\n\t\t\t\t\t\t\t\t\talt=\"Donde Florece la Pasi\u00f3n\"\n\t\t\t\t\t\t\t\t\ttitle=\"\"\/>\n\t\t\t\t\t\t\t<div class=\"overlay\"><\/div>\n\t\t\t\t\t\t<\/figure>\n\t\t\t\t\t\t<div class=\"slider-content\">\n\t\t\t\t\t\t\t<div class=\"tg-container\">\n\t\t\t\t\t\t\t\t<div class=\"caption-title\"><\/div>\n\t\t\t\t\t\t\t\t<div class=\"caption-desc\"><\/div>\n\t\t\t\t\t\t\t\t\t\t\t\t\t\t\t<\/div>\n\t\t\t\t\t\t<\/div>\n\t\t\t\t\t<\/div>\n\n\t\t\t\t\n\t\t\t\t\t<div class=\"swiper-slide\">\n\t\t\t\t\t\t<figure class=\"slider-image\" >\n\t\t\t\t\t\t\t<img width=\"1920\" height=\"1000\"\t\t\t\t\t\t\t\t\tsrc=\"http:\/\/dondeflorecelapasion.com\/2021\/wp-content\/uploads\/2020\/09\/cena_romantica_5.jpg\"\n\t\t\t\t\t\t\t\t\talt=\"Donde Florece la Pasi\u00f3n\"\n\t\t\t\t\t\t\t\t\ttitle=\"\"\/>\n\t\t\t\t\t\t\t<div class=\"overlay\"><\/div>\n\t\t\t\t\t\t<\/figure>\n\t\t\t\t\t\t<div class=\"slider-content\">\n\t\t\t\t\t\t\t<div class=\"tg-container\">\n\t\t\t\t\t\t\t\t<div class=\"caption-title\"><\/div>\n\t\t\t\t\t\t\t\t<div class=\"caption-desc\"><\/div>\n\t\t\t\t\t\t\t\t\t\t\t\t\t\t\t<\/div>\n\t\t\t\t\t\t<\/div>\n\t\t\t\t\t<\/div>\n\n\t\t\t\t\t\t<\/div>\n\t\t<div class=\"swiper-pagination\"><\/div>\n\t\t<div class=\"slider-arrow\">\n\t\t\t<div class=\"swiper-button-next\"><\/div>\n\t\t\t<div class=\"swiper-button-prev\"><\/div>\n\t\t<\/div>\n\t<\/div>\n<\/div>\n<\/div><\/div><\/div><\/div><div id=\"pg-724-2\"  class=\"panel-grid panel-no-style\" ><div id=\"pgc-724-2-0\"  class=\"panel-grid-cell\" ><div id=\"panel-724-2-0-0\" class=\"so-panel widget widget_text panel-first-child panel-last-child\" data-index=\"2\" ><h3 class=\"widget-title\">El Plan Incluye<\/h3>\t\t\t<div class=\"textwidget\"><p>&nbsp;<\/p>\n<ul>\n<li>Habitaci\u00f3n Suite por 8 Horas con Jacuzzi<\/li>\n<li>Decoraci\u00f3n con P\u00e9talos y Bombas<\/li>\n<li>Cena Rom\u00e1ntica<\/li>\n<li>1 Botella de Champa\u00f1a<\/li>\n<li>Producto Er\u00f3tico Sorpresa<\/li>\n<li>Bouquet de Rosas<\/li>\n<li>Postre Para 2<\/li>\n<\/ul>\n<\/div>\n\t\t<\/div><\/div><div id=\"pgc-724-2-1\"  class=\"panel-grid-cell\" ><div class=\"panel-cell-style panel-cell-style-for-724-2-1\" ><div id=\"panel-724-2-1-0\" class=\"so-panel widget widget_text panel-first-child\" data-index=\"3\" ><div class=\"flash_inherit_color panel-widget-style panel-widget-style-for-724-2-1-0\" ><h3 class=\"widget-title\">POR SOLO<\/h3>\t\t\t<div class=\"textwidget\"><h2>$ 280.000.oo<\/h2>\n<\/div>\n\t\t<\/div><\/div><div id=\"panel-724-2-1-1\" class=\"so-panel widget widget_text panel-last-child\" data-index=\"4\" >\t\t\t<div class=\"textwidget\"><h4>Reserva aqu\u00ed:<\/h4>\n<h5><a href=\"tel:+573174325996\" target=\"_blank\" rel=\"noopener\"><i class=\"fa fa-mobile\"><\/i> Llamando <\/a> | 317 432 5996 | <a href=\"https:\/\/api.whatsapp.com\/send?phone=+573174325996&amp;text=Hola,%20quisiera%20informaci\u00f3n%20sobre%20las%20cenas%20rom\u00e1nticas\" target=\"_blank\" rel=\"noopener\"><i class=\"fa fa-whatsapp\"><\/i> Enviando un Mensaje<\/a><\/h5>\n<\/div>\n\t\t<\/div><\/div><\/div><\/div><div id=\"pg-724-3\"  class=\"panel-grid panel-has-style panel-has-overlay\" ><div class=\"siteorigin-panels-stretch panel-row-style panel-row-style-for-724-3\" data-stretch-type=\"full\" >\t\t\t\t<div\n\t\t\t\t\tclass=\"panel-background-overlay\"\n\t\t\t\t\t\t\t\t\t\t\tstyle=\"background-color:#ea278d;background-image:url(https:\/\/dondeflorecelapasion.com\/2021\/wp-content\/uploads\/2025\/06\/hermoso-arreglo-de-papel-tapiz-de-flores-scaled.jpg);background-attachment:fixed;background-position:center center;background-size:cover;opacity:0.48;\"\n\t\t\t\t\t\t\t\t\t>\n\t\t\t\t\t\t\t\t\t<\/div>\n\t\t\t\t<div id=\"pgc-724-3-0\"  class=\"panel-grid-cell\" ><div id=\"panel-724-3-0-0\" class=\"so-panel widget widget_siteorigin-panels-builder panel-first-child panel-last-child\" data-index=\"5\" ><div id=\"pl-w685e105672b5e\"  class=\"panel-layout\" ><div id=\"pg-w685e105672b5e-0\"  class=\"panel-grid panel-no-style\" ><div id=\"pgc-w685e105672b5e-0-0\"  class=\"panel-grid-cell\" ><div id=\"panel-w685e105672b5e-0-0-0\" class=\"so-panel widget widget_media_image panel-first-child panel-last-child\" data-index=\"0\" ><a href=\"http:\/\/dondeflorecelapasion.com\/2021\/bar\"><img loading=\"lazy\" decoding=\"async\" width=\"150\" height=\"150\" src=\"https:\/\/dondeflorecelapasion.com\/2021\/wp-content\/uploads\/2020\/09\/bar-150x150.png\" class=\"image wp-image-375  attachment-thumbnail size-thumbnail\" alt=\"Donde Florece la Pasi\u00f3n\" style=\"max-width: 100%; height: auto;\" srcset=\"https:\/\/dondeflorecelapasion.com\/2021\/wp-content\/uploads\/2020\/09\/bar-150x150.png 150w, https:\/\/dondeflorecelapasion.com\/2021\/wp-content\/uploads\/2020\/09\/bar-300x300.png 300w, https:\/\/dondeflorecelapasion.com\/2021\/wp-content\/uploads\/2020\/09\/bar.png 400w\" sizes=\"auto, (max-width: 150px) 100vw, 150px\" \/><\/a><\/div><\/div><div id=\"pgc-w685e105672b5e-0-1\"  class=\"panel-grid-cell\" ><div id=\"panel-w685e105672b5e-0-1-0\" class=\"so-panel widget widget_media_image panel-first-child panel-last-child\" data-index=\"1\" ><a href=\"http:\/\/dondeflorecelapasion.com\/2021\/parqueadero\"><img loading=\"lazy\" decoding=\"async\" width=\"150\" height=\"150\" src=\"https:\/\/dondeflorecelapasion.com\/2021\/wp-content\/uploads\/2020\/09\/parqueadero-150x150.png\" class=\"image wp-image-365  attachment-thumbnail size-thumbnail\" alt=\"Donde Florece la Pasi\u00f3n\" style=\"max-width: 100%; height: auto;\" srcset=\"https:\/\/dondeflorecelapasion.com\/2021\/wp-content\/uploads\/2020\/09\/parqueadero-150x150.png 150w, https:\/\/dondeflorecelapasion.com\/2021\/wp-content\/uploads\/2020\/09\/parqueadero-300x300.png 300w, https:\/\/dondeflorecelapasion.com\/2021\/wp-content\/uploads\/2020\/09\/parqueadero.png 400w\" sizes=\"auto, (max-width: 150px) 100vw, 150px\" \/><\/a><\/div><\/div><div id=\"pgc-w685e105672b5e-0-2\"  class=\"panel-grid-cell\" ><div id=\"panel-w685e105672b5e-0-2-0\" class=\"so-panel widget widget_media_image panel-first-child panel-last-child\" data-index=\"2\" ><a href=\"http:\/\/dondeflorecelapasion.com\/2021\/restaurante\"><img loading=\"lazy\" decoding=\"async\" width=\"150\" height=\"150\" src=\"https:\/\/dondeflorecelapasion.com\/2021\/wp-content\/uploads\/2020\/09\/restaurante-150x150.png\" class=\"image wp-image-374  attachment-thumbnail size-thumbnail\" alt=\"Donde Florece la Pasi\u00f3n\" style=\"max-width: 100%; height: auto;\" srcset=\"https:\/\/dondeflorecelapasion.com\/2021\/wp-content\/uploads\/2020\/09\/restaurante-150x150.png 150w, https:\/\/dondeflorecelapasion.com\/2021\/wp-content\/uploads\/2020\/09\/restaurante-300x300.png 300w, https:\/\/dondeflorecelapasion.com\/2021\/wp-content\/uploads\/2020\/09\/restaurante.png 400w\" sizes=\"auto, (max-width: 150px) 100vw, 150px\" \/><\/a><\/div><\/div><div id=\"pgc-w685e105672b5e-0-3\"  class=\"panel-grid-cell\" ><div id=\"panel-w685e105672b5e-0-3-0\" class=\"so-panel widget widget_media_image panel-first-child panel-last-child\" data-index=\"3\" ><a href=\"http:\/\/dondeflorecelapasion.com\/2021\/decoracion\"><img loading=\"lazy\" decoding=\"async\" width=\"150\" height=\"150\" src=\"https:\/\/dondeflorecelapasion.com\/2021\/wp-content\/uploads\/2020\/09\/decoracion-150x150.png\" class=\"image wp-image-378  attachment-thumbnail size-thumbnail\" alt=\"Donde Florece la Pasi\u00f3n\" style=\"max-width: 100%; height: auto;\" srcset=\"https:\/\/dondeflorecelapasion.com\/2021\/wp-content\/uploads\/2020\/09\/decoracion-150x150.png 150w, https:\/\/dondeflorecelapasion.com\/2021\/wp-content\/uploads\/2020\/09\/decoracion-300x300.png 300w, https:\/\/dondeflorecelapasion.com\/2021\/wp-content\/uploads\/2020\/09\/decoracion.png 400w\" sizes=\"auto, (max-width: 150px) 100vw, 150px\" \/><\/a><\/div><\/div><div id=\"pgc-w685e105672b5e-0-4\"  class=\"panel-grid-cell\" ><div id=\"panel-w685e105672b5e-0-4-0\" class=\"so-panel widget widget_media_image panel-first-child panel-last-child\" data-index=\"4\" ><a href=\"http:\/\/dondeflorecelapasion.com\/2021\/promociones\"><img loading=\"lazy\" decoding=\"async\" width=\"150\" height=\"150\" src=\"https:\/\/dondeflorecelapasion.com\/2021\/wp-content\/uploads\/2020\/09\/corazones-150x150.png\" class=\"image wp-image-377  attachment-thumbnail size-thumbnail\" alt=\"Donde Florece la Pasi\u00f3n\" style=\"max-width: 100%; height: auto;\" srcset=\"https:\/\/dondeflorecelapasion.com\/2021\/wp-content\/uploads\/2020\/09\/corazones-150x150.png 150w, https:\/\/dondeflorecelapasion.com\/2021\/wp-content\/uploads\/2020\/09\/corazones-300x300.png 300w, https:\/\/dondeflorecelapasion.com\/2021\/wp-content\/uploads\/2020\/09\/corazones.png 400w\" sizes=\"auto, (max-width: 150px) 100vw, 150px\" \/><\/a><\/div><\/div><\/div><\/div><\/div><\/div><\/div><\/div><\/div>","protected":false},"excerpt":{"rendered":"<p>Vive el mejor plan rom\u00e1ntico El Plan Incluye &nbsp; Habitaci\u00f3n Suite por 8 Horas con Jacuzzi Decoraci\u00f3n con P\u00e9talos y [&hellip;]<\/p>\n","protected":false},"author":1,"featured_media":0,"parent":0,"menu_order":0,"comment_status":"closed","ping_status":"closed","template":"page-templates\/pagebuilder.php","meta":{"footnotes":""},"class_list":["post-724","page","type-page","status-publish","hentry"],"_links":{"self":[{"href":"https:\/\/dondeflorecelapasion.com\/2021\/wp-json\/wp\/v2\/pages\/724","targetHints":{"allow":["GET"]}}],"collection":[{"href":"https:\/\/dondeflorecelapasion.com\/2021\/wp-json\/wp\/v2\/pages"}],"about":[{"href":"https:\/\/dondeflorecelapasion.com\/2021\/wp-json\/wp\/v2\/types\/page"}],"author":[{"embeddable":true,"href":"https:\/\/dondeflorecelapasion.com\/2021\/wp-json\/wp\/v2\/users\/1"}],"replies":[{"embeddable":true,"href":"https:\/\/dondeflorecelapasion.com\/2021\/wp-json\/wp\/v2\/comments?post=724"}],"version-history":[{"count":59,"href":"https:\/\/dondeflorecelapasion.com\/2021\/wp-json\/wp\/v2\/pages\/724\/revisions"}],"predecessor-version":[{"id":1724,"href":"https:\/\/dondeflorecelapasion.com\/2021\/wp-json\/wp\/v2\/pages\/724\/revisions\/1724"}],"wp:attachment":[{"href":"https:\/\/dondeflorecelapasion.com\/2021\/wp-json\/wp\/v2\/media?parent=724"}],"curies":[{"name":"wp","href":"https:\/\/api.w.org\/{rel}","templated":true}]}}