{"id":859,"date":"2020-09-25T19:02:23","date_gmt":"2020-09-26T00:02:23","guid":{"rendered":"http:\/\/dondeflorecelapasion.com\/2021\/?page_id=859"},"modified":"2025-06-26T22:51:43","modified_gmt":"2025-06-27T03:51:43","slug":"bar","status":"publish","type":"page","link":"https:\/\/dondeflorecelapasion.com\/2021\/bar\/","title":{"rendered":"Bar"},"content":{"rendered":"<div id=\"pl-859\"  class=\"panel-layout\" ><div id=\"pg-859-0\"  class=\"panel-grid panel-no-style\" ><div id=\"pgc-859-0-0\"  class=\"panel-grid-cell\" ><div id=\"panel-859-0-0-0\" class=\"so-panel widget widget_themegrill_flash_heading tg-widget section-title-wrapper panel-first-child panel-last-child\" data-index=\"0\" >\t<h3 class=\"section-title\">Pase inolvidables momentos con la mejor compa\u00f1\u00eda y disfruta de nuestro servicio de bar en cada habitaci\u00f3n<\/h3>\n<\/div><\/div><\/div><div id=\"pg-859-1\"  class=\"panel-grid panel-has-style\" ><div class=\"siteorigin-panels-stretch panel-row-style panel-row-style-for-859-1\" data-stretch-type=\"full\" ><div id=\"pgc-859-1-0\"  class=\"panel-grid-cell\" ><div id=\"panel-859-1-0-0\" class=\"so-panel widget widget_themegrill_flash_slider tg-section tg-slider-widget panel-first-child panel-last-child\" data-index=\"1\" ><div class=\"tg-slider-widget slider-light slider-content-center slider-control-center full-width\">\n\t<div class=\"swiper-container\">\n\t\t<div class=\"swiper-wrapper\">\n\t\t\t\n\t\t\t\t\t<div class=\"swiper-slide\">\n\t\t\t\t\t\t<figure class=\"slider-image\" >\n\t\t\t\t\t\t\t<img width=\"2560\" height=\"1709\"\t\t\t\t\t\t\t\t\tsrc=\"https:\/\/dondeflorecelapasion.com\/2021\/wp-content\/uploads\/2025\/06\/cerveza-scaled.jpg\"\n\t\t\t\t\t\t\t\t\talt=\"\"\n\t\t\t\t\t\t\t\t\ttitle=\"\"\/>\n\t\t\t\t\t\t\t<div class=\"overlay\"><\/div>\n\t\t\t\t\t\t<\/figure>\n\t\t\t\t\t\t<div class=\"slider-content\">\n\t\t\t\t\t\t\t<div class=\"tg-container\">\n\t\t\t\t\t\t\t\t<div class=\"caption-title\"><\/div>\n\t\t\t\t\t\t\t\t<div class=\"caption-desc\"><\/div>\n\t\t\t\t\t\t\t\t\t\t\t\t\t\t\t<\/div>\n\t\t\t\t\t\t<\/div>\n\t\t\t\t\t<\/div>\n\n\t\t\t\t\n\t\t\t\t\t<div class=\"swiper-slide\">\n\t\t\t\t\t\t<figure class=\"slider-image\" >\n\t\t\t\t\t\t\t<img width=\"2560\" height=\"1707\"\t\t\t\t\t\t\t\t\tsrc=\"https:\/\/dondeflorecelapasion.com\/2021\/wp-content\/uploads\/2025\/06\/primer-plano-de-barman-vertiendo-tequila-en-vasos-de-chupito-scaled.jpg\"\n\t\t\t\t\t\t\t\t\talt=\"\"\n\t\t\t\t\t\t\t\t\ttitle=\"\"\/>\n\t\t\t\t\t\t\t<div class=\"overlay\"><\/div>\n\t\t\t\t\t\t<\/figure>\n\t\t\t\t\t\t<div class=\"slider-content\">\n\t\t\t\t\t\t\t<div class=\"tg-container\">\n\t\t\t\t\t\t\t\t<div class=\"caption-title\"><\/div>\n\t\t\t\t\t\t\t\t<div class=\"caption-desc\"><\/div>\n\t\t\t\t\t\t\t\t\t\t\t\t\t\t\t<\/div>\n\t\t\t\t\t\t<\/div>\n\t\t\t\t\t<\/div>\n\n\t\t\t\t\n\t\t\t\t\t<div class=\"swiper-slide\">\n\t\t\t\t\t\t<figure class=\"slider-image\" >\n\t\t\t\t\t\t\t<img width=\"2560\" height=\"1707\"\t\t\t\t\t\t\t\t\tsrc=\"https:\/\/dondeflorecelapasion.com\/2021\/wp-content\/uploads\/2025\/06\/primer-plano-de-las-botellas-de-tequila-sobre-un-fondo-negro-scaled.jpg\"\n\t\t\t\t\t\t\t\t\talt=\"\"\n\t\t\t\t\t\t\t\t\ttitle=\"\"\/>\n\t\t\t\t\t\t\t<div class=\"overlay\"><\/div>\n\t\t\t\t\t\t<\/figure>\n\t\t\t\t\t\t<div class=\"slider-content\">\n\t\t\t\t\t\t\t<div class=\"tg-container\">\n\t\t\t\t\t\t\t\t<div class=\"caption-title\"><\/div>\n\t\t\t\t\t\t\t\t<div class=\"caption-desc\"><\/div>\n\t\t\t\t\t\t\t\t\t\t\t\t\t\t\t<\/div>\n\t\t\t\t\t\t<\/div>\n\t\t\t\t\t<\/div>\n\n\t\t\t\t\t\t<\/div>\n\t\t<div class=\"swiper-pagination\"><\/div>\n\t\t<div class=\"slider-arrow\">\n\t\t\t<div class=\"swiper-button-next\"><\/div>\n\t\t\t<div class=\"swiper-button-prev\"><\/div>\n\t\t<\/div>\n\t<\/div>\n<\/div>\n<\/div><\/div><div id=\"pgc-859-1-1\"  class=\"panel-grid-cell\" ><div id=\"panel-859-1-1-0\" class=\"so-panel widget widget_text panel-first-child panel-last-child\" data-index=\"2\" >\t\t\t<div class=\"textwidget\"><p>&nbsp;<\/p>\n<div>\n<div>Licores Nacionales y Extranjeros.<\/div>\n<div>Cocteles.<br \/>\nBebidas.<\/div>\n<\/div>\n<\/div>\n\t\t<\/div><\/div><\/div><\/div><div id=\"pg-859-2\"  class=\"panel-grid panel-has-style panel-has-overlay\" ><div class=\"siteorigin-panels-stretch panel-row-style panel-row-style-for-859-2\" data-stretch-type=\"full\" >\t\t\t\t<div\n\t\t\t\t\tclass=\"panel-background-overlay\"\n\t\t\t\t\t\t\t\t\t\t\tstyle=\"background-color:#ea278d;background-image:url(https:\/\/dondeflorecelapasion.com\/2021\/wp-content\/uploads\/2025\/06\/hermoso-arreglo-de-papel-tapiz-de-flores-scaled.jpg);background-attachment:fixed;background-position:center center;background-size:cover;opacity:0.48;\"\n\t\t\t\t\t\t\t\t\t>\n\t\t\t\t\t\t\t\t\t<\/div>\n\t\t\t\t<div id=\"pgc-859-2-0\"  class=\"panel-grid-cell\" ><div id=\"panel-859-2-0-0\" class=\"so-panel widget widget_siteorigin-panels-builder panel-first-child panel-last-child\" data-index=\"3\" ><div id=\"pl-w685e105672b5e\"  class=\"panel-layout\" ><div id=\"pg-w685e105672b5e-0\"  class=\"panel-grid panel-no-style\" ><div id=\"pgc-w685e105672b5e-0-0\"  class=\"panel-grid-cell\" ><div id=\"panel-w685e105672b5e-0-0-0\" class=\"so-panel widget widget_media_image panel-first-child panel-last-child\" data-index=\"0\" ><a href=\"http:\/\/dondeflorecelapasion.com\/2021\/bar\"><img loading=\"lazy\" decoding=\"async\" width=\"150\" height=\"150\" src=\"https:\/\/dondeflorecelapasion.com\/2021\/wp-content\/uploads\/2020\/09\/bar-150x150.png\" class=\"image wp-image-375  attachment-thumbnail size-thumbnail\" alt=\"Donde Florece la Pasi\u00f3n\" style=\"max-width: 100%; height: auto;\" srcset=\"https:\/\/dondeflorecelapasion.com\/2021\/wp-content\/uploads\/2020\/09\/bar-150x150.png 150w, https:\/\/dondeflorecelapasion.com\/2021\/wp-content\/uploads\/2020\/09\/bar-300x300.png 300w, https:\/\/dondeflorecelapasion.com\/2021\/wp-content\/uploads\/2020\/09\/bar.png 400w\" sizes=\"auto, (max-width: 150px) 100vw, 150px\" \/><\/a><\/div><\/div><div id=\"pgc-w685e105672b5e-0-1\"  class=\"panel-grid-cell\" ><div id=\"panel-w685e105672b5e-0-1-0\" class=\"so-panel widget widget_media_image panel-first-child panel-last-child\" data-index=\"1\" ><a href=\"http:\/\/dondeflorecelapasion.com\/2021\/parqueadero\"><img loading=\"lazy\" decoding=\"async\" width=\"150\" height=\"150\" src=\"https:\/\/dondeflorecelapasion.com\/2021\/wp-content\/uploads\/2020\/09\/parqueadero-150x150.png\" class=\"image wp-image-365  attachment-thumbnail size-thumbnail\" alt=\"Donde Florece la Pasi\u00f3n\" style=\"max-width: 100%; height: auto;\" srcset=\"https:\/\/dondeflorecelapasion.com\/2021\/wp-content\/uploads\/2020\/09\/parqueadero-150x150.png 150w, https:\/\/dondeflorecelapasion.com\/2021\/wp-content\/uploads\/2020\/09\/parqueadero-300x300.png 300w, https:\/\/dondeflorecelapasion.com\/2021\/wp-content\/uploads\/2020\/09\/parqueadero.png 400w\" sizes=\"auto, (max-width: 150px) 100vw, 150px\" \/><\/a><\/div><\/div><div id=\"pgc-w685e105672b5e-0-2\"  class=\"panel-grid-cell\" ><div id=\"panel-w685e105672b5e-0-2-0\" class=\"so-panel widget widget_media_image panel-first-child panel-last-child\" data-index=\"2\" ><a href=\"http:\/\/dondeflorecelapasion.com\/2021\/restaurante\"><img loading=\"lazy\" decoding=\"async\" width=\"150\" height=\"150\" src=\"https:\/\/dondeflorecelapasion.com\/2021\/wp-content\/uploads\/2020\/09\/restaurante-150x150.png\" class=\"image wp-image-374  attachment-thumbnail size-thumbnail\" alt=\"Donde Florece la Pasi\u00f3n\" style=\"max-width: 100%; height: auto;\" srcset=\"https:\/\/dondeflorecelapasion.com\/2021\/wp-content\/uploads\/2020\/09\/restaurante-150x150.png 150w, https:\/\/dondeflorecelapasion.com\/2021\/wp-content\/uploads\/2020\/09\/restaurante-300x300.png 300w, https:\/\/dondeflorecelapasion.com\/2021\/wp-content\/uploads\/2020\/09\/restaurante.png 400w\" sizes=\"auto, (max-width: 150px) 100vw, 150px\" \/><\/a><\/div><\/div><div id=\"pgc-w685e105672b5e-0-3\"  class=\"panel-grid-cell\" ><div id=\"panel-w685e105672b5e-0-3-0\" class=\"so-panel widget widget_media_image panel-first-child panel-last-child\" data-index=\"3\" ><a href=\"http:\/\/dondeflorecelapasion.com\/2021\/decoracion\"><img loading=\"lazy\" decoding=\"async\" width=\"150\" height=\"150\" src=\"https:\/\/dondeflorecelapasion.com\/2021\/wp-content\/uploads\/2020\/09\/decoracion-150x150.png\" class=\"image wp-image-378  attachment-thumbnail size-thumbnail\" alt=\"Donde Florece la Pasi\u00f3n\" style=\"max-width: 100%; height: auto;\" srcset=\"https:\/\/dondeflorecelapasion.com\/2021\/wp-content\/uploads\/2020\/09\/decoracion-150x150.png 150w, https:\/\/dondeflorecelapasion.com\/2021\/wp-content\/uploads\/2020\/09\/decoracion-300x300.png 300w, https:\/\/dondeflorecelapasion.com\/2021\/wp-content\/uploads\/2020\/09\/decoracion.png 400w\" sizes=\"auto, (max-width: 150px) 100vw, 150px\" \/><\/a><\/div><\/div><div id=\"pgc-w685e105672b5e-0-4\"  class=\"panel-grid-cell\" ><div id=\"panel-w685e105672b5e-0-4-0\" class=\"so-panel widget widget_media_image panel-first-child panel-last-child\" data-index=\"4\" ><a href=\"http:\/\/dondeflorecelapasion.com\/2021\/promociones\"><img loading=\"lazy\" decoding=\"async\" width=\"150\" height=\"150\" src=\"https:\/\/dondeflorecelapasion.com\/2021\/wp-content\/uploads\/2020\/09\/corazones-150x150.png\" class=\"image wp-image-377  attachment-thumbnail size-thumbnail\" alt=\"Donde Florece la Pasi\u00f3n\" style=\"max-width: 100%; height: auto;\" srcset=\"https:\/\/dondeflorecelapasion.com\/2021\/wp-content\/uploads\/2020\/09\/corazones-150x150.png 150w, https:\/\/dondeflorecelapasion.com\/2021\/wp-content\/uploads\/2020\/09\/corazones-300x300.png 300w, https:\/\/dondeflorecelapasion.com\/2021\/wp-content\/uploads\/2020\/09\/corazones.png 400w\" sizes=\"auto, (max-width: 150px) 100vw, 150px\" \/><\/a><\/div><\/div><\/div><\/div><\/div><\/div><\/div><\/div><\/div>","protected":false},"excerpt":{"rendered":"<p>&nbsp; Licores Nacionales y Extranjeros. Cocteles. Bebidas.<\/p>\n","protected":false},"author":1,"featured_media":0,"parent":0,"menu_order":0,"comment_status":"closed","ping_status":"closed","template":"page-templates\/pagebuilder.php","meta":{"footnotes":""},"class_list":["post-859","page","type-page","status-publish","hentry"],"_links":{"self":[{"href":"https:\/\/dondeflorecelapasion.com\/2021\/wp-json\/wp\/v2\/pages\/859","targetHints":{"allow":["GET"]}}],"collection":[{"href":"https:\/\/dondeflorecelapasion.com\/2021\/wp-json\/wp\/v2\/pages"}],"about":[{"href":"https:\/\/dondeflorecelapasion.com\/2021\/wp-json\/wp\/v2\/types\/page"}],"author":[{"embeddable":true,"href":"https:\/\/dondeflorecelapasion.com\/2021\/wp-json\/wp\/v2\/users\/1"}],"replies":[{"embeddable":true,"href":"https:\/\/dondeflorecelapasion.com\/2021\/wp-json\/wp\/v2\/comments?post=859"}],"version-history":[{"count":16,"href":"https:\/\/dondeflorecelapasion.com\/2021\/wp-json\/wp\/v2\/pages\/859\/revisions"}],"predecessor-version":[{"id":1622,"href":"https:\/\/dondeflorecelapasion.com\/2021\/wp-json\/wp\/v2\/pages\/859\/revisions\/1622"}],"wp:attachment":[{"href":"https:\/\/dondeflorecelapasion.com\/2021\/wp-json\/wp\/v2\/media?parent=859"}],"curies":[{"name":"wp","href":"https:\/\/api.w.org\/{rel}","templated":true}]}}